{"id":2188,"date":"2025-07-31T17:26:54","date_gmt":"2025-07-31T15:26:54","guid":{"rendered":"https:\/\/asociacionlasubita.com\/danceoke-pop\/"},"modified":"2026-02-05T13:50:53","modified_gmt":"2026-02-05T11:50:53","slug":"danceoke-pop","status":"publish","type":"page","link":"https:\/\/lasubita.com\/ca\/danceoke-pop\/","title":{"rendered":"DANCEOKE POP"},"content":{"rendered":"\t\t<div data-elementor-type=\"wp-page\" data-elementor-id=\"2188\" class=\"elementor elementor-2188 elementor-1429\" data-elementor-post-type=\"page\">\n\t\t\t\t<div class=\"elementor-element elementor-element-05191f2 e-flex e-con-boxed e-con e-parent\" data-id=\"05191f2\" data-element_type=\"container\">\n\t\t\t\t\t<div class=\"e-con-inner\">\n\t\t<div class=\"elementor-element elementor-element-cc6c4c7 columna-izq e-con-full elementor-hidden-mobile e-flex e-con e-child\" data-id=\"cc6c4c7\" data-element_type=\"container\">\n\t\t<div class=\"elementor-element elementor-element-ab6f28c e-con-full e-flex e-con e-child\" data-id=\"ab6f28c\" data-element_type=\"container\" data-settings=\"{&quot;sticky&quot;:&quot;top&quot;,&quot;sticky_on&quot;:[&quot;desktop&quot;,&quot;tablet&quot;],&quot;sticky_offset&quot;:10,&quot;sticky_offset_tablet&quot;:10,&quot;sticky_parent&quot;:&quot;yes&quot;,&quot;sticky_effects_offset&quot;:0,&quot;sticky_anchor_link_offset&quot;:0}\">\n\t\t\t\t<div class=\"elementor-element elementor-element-5ddeece elementor-nav-menu__align-start elementor-widget__width-initial elementor-nav-menu--dropdown-mobile elementor-nav-menu__text-align-aside elementor-nav-menu--toggle elementor-nav-menu--burger elementor-widget elementor-widget-nav-menu\" data-id=\"5ddeece\" data-element_type=\"widget\" data-settings=\"{&quot;layout&quot;:&quot;vertical&quot;,&quot;submenu_icon&quot;:{&quot;value&quot;:&quot;&lt;svg aria-hidden=\\&quot;true\\&quot; class=\\&quot;e-font-icon-svg e-fas-caret-down\\&quot; viewBox=\\&quot;0 0 320 512\\&quot; xmlns=\\&quot;http:\\\/\\\/www.w3.org\\\/2000\\\/svg\\&quot;&gt;&lt;path d=\\&quot;M31.3 192h257.3c17.8 0 26.7 21.5 14.1 34.1L174.1 354.8c-7.8 7.8-20.5 7.8-28.3 0L17.2 226.1C4.6 213.5 13.5 192 31.3 192z\\&quot;&gt;&lt;\\\/path&gt;&lt;\\\/svg&gt;&quot;,&quot;library&quot;:&quot;fa-solid&quot;},&quot;toggle&quot;:&quot;burger&quot;}\" data-widget_type=\"nav-menu.default\">\n\t\t\t\t\t\t\t\t<nav aria-label=\"Menu\" class=\"elementor-nav-menu--main elementor-nav-menu__container elementor-nav-menu--layout-vertical e--pointer-underline e--animation-fade\">\n\t\t\t\t<ul id=\"menu-1-5ddeece\" class=\"elementor-nav-menu sm-vertical\"><li class=\"menu-item menu-item-type-post_type menu-item-object-page menu-item-1725\"><a href=\"https:\/\/lasubita.com\/ona\/\" class=\"elementor-item\">ONA<\/a><\/li>\n<li class=\"menu-item menu-item-type-post_type menu-item-object-page menu-item-1718\"><a href=\"https:\/\/lasubita.com\/foc-i-lloc\/\" class=\"elementor-item\">FOC I LLOC<\/a><\/li>\n<li class=\"menu-item menu-item-type-post_type menu-item-object-page menu-item-1707\"><a href=\"https:\/\/lasubita.com\/pop\/\" class=\"elementor-item\">POP<\/a><\/li>\n<li class=\"menu-item menu-item-type-post_type menu-item-object-page menu-item-1437\"><a href=\"https:\/\/lasubita.com\/danceoke-pop\/\" class=\"elementor-item\">DANCEOKE POP<\/a><\/li>\n<li class=\"menu-item menu-item-type-post_type menu-item-object-page menu-item-1706\"><a href=\"https:\/\/lasubita.com\/olor-de-menta\/\" class=\"elementor-item\">OLOR DE MENTA<\/a><\/li>\n<\/ul>\t\t\t<\/nav>\n\t\t\t\t\t<div class=\"elementor-menu-toggle\" role=\"button\" tabindex=\"0\" aria-label=\"Menu Toggle\" aria-expanded=\"false\">\n\t\t\t<svg aria-hidden=\"true\" role=\"presentation\" class=\"elementor-menu-toggle__icon--open e-font-icon-svg e-eicon-menu-bar\" viewBox=\"0 0 1000 1000\" xmlns=\"http:\/\/www.w3.org\/2000\/svg\"><path d=\"M104 333H896C929 333 958 304 958 271S929 208 896 208H104C71 208 42 237 42 271S71 333 104 333ZM104 583H896C929 583 958 554 958 521S929 458 896 458H104C71 458 42 487 42 521S71 583 104 583ZM104 833H896C929 833 958 804 958 771S929 708 896 708H104C71 708 42 737 42 771S71 833 104 833Z\"><\/path><\/svg><svg aria-hidden=\"true\" role=\"presentation\" class=\"elementor-menu-toggle__icon--close e-font-icon-svg e-eicon-close\" viewBox=\"0 0 1000 1000\" xmlns=\"http:\/\/www.w3.org\/2000\/svg\"><path d=\"M742 167L500 408 258 167C246 154 233 150 217 150 196 150 179 158 167 167 154 179 150 196 150 212 150 229 154 242 171 254L408 500 167 742C138 771 138 800 167 829 196 858 225 858 254 829L496 587 738 829C750 842 767 846 783 846 800 846 817 842 829 829 842 817 846 804 846 783 846 767 842 750 829 737L588 500 833 258C863 229 863 200 833 171 804 137 775 137 742 167Z\"><\/path><\/svg>\t\t<\/div>\n\t\t\t\t\t<nav class=\"elementor-nav-menu--dropdown elementor-nav-menu__container\" aria-hidden=\"true\">\n\t\t\t\t<ul id=\"menu-2-5ddeece\" class=\"elementor-nav-menu sm-vertical\"><li class=\"menu-item menu-item-type-post_type menu-item-object-page menu-item-1725\"><a href=\"https:\/\/lasubita.com\/ona\/\" class=\"elementor-item\" tabindex=\"-1\">ONA<\/a><\/li>\n<li class=\"menu-item menu-item-type-post_type menu-item-object-page menu-item-1718\"><a href=\"https:\/\/lasubita.com\/foc-i-lloc\/\" class=\"elementor-item\" tabindex=\"-1\">FOC I LLOC<\/a><\/li>\n<li class=\"menu-item menu-item-type-post_type menu-item-object-page menu-item-1707\"><a href=\"https:\/\/lasubita.com\/pop\/\" class=\"elementor-item\" tabindex=\"-1\">POP<\/a><\/li>\n<li class=\"menu-item menu-item-type-post_type menu-item-object-page menu-item-1437\"><a href=\"https:\/\/lasubita.com\/danceoke-pop\/\" class=\"elementor-item\" tabindex=\"-1\">DANCEOKE POP<\/a><\/li>\n<li class=\"menu-item menu-item-type-post_type menu-item-object-page menu-item-1706\"><a href=\"https:\/\/lasubita.com\/olor-de-menta\/\" class=\"elementor-item\" tabindex=\"-1\">OLOR DE MENTA<\/a><\/li>\n<\/ul>\t\t\t<\/nav>\n\t\t\t\t\t\t<\/div>\n\t\t\t\t<\/div>\n\t\t\t\t<\/div>\n\t\t<div class=\"elementor-element elementor-element-179da99 e-con-full e-flex e-con e-child\" data-id=\"179da99\" data-element_type=\"container\">\n\t\t<section class=\"elementor-element elementor-element-d625539 activo e-con-full e-flex e-con e-child\" data-id=\"d625539\" data-element_type=\"container\">\n\t\t\t\t<div class=\"elementor-element elementor-element-69bc748 elementor-widget elementor-widget-heading\" data-id=\"69bc748\" data-element_type=\"widget\" data-widget_type=\"heading.default\">\n\t\t\t\t\t<h1 class=\"elementor-heading-title elementor-size-default\">DANCEOKE POP<\/h1>\t\t\t\t<\/div>\n\t\t\t\t<div class=\"elementor-element elementor-element-7e4d1e5 elementor-widget elementor-widget-video\" data-id=\"7e4d1e5\" data-element_type=\"widget\" data-settings=\"{&quot;video_type&quot;:&quot;hosted&quot;,&quot;show_image_overlay&quot;:&quot;yes&quot;,&quot;image_overlay&quot;:{&quot;url&quot;:&quot;https:\\\/\\\/asociacionlasubita.com\\\/wp-content\\\/uploads\\\/2025\\\/07\\\/DanceokePOP_LauraAlcalaFreudenthal_foto2MOSKAudiovisual-copia-scaled.jpg&quot;,&quot;id&quot;:1442,&quot;size&quot;:&quot;&quot;,&quot;alt&quot;:&quot;&quot;,&quot;source&quot;:&quot;library&quot;},&quot;controls&quot;:&quot;yes&quot;}\" data-widget_type=\"video.default\">\n\t\t\t\t\t\t\t<div class=\"e-hosted-video elementor-wrapper elementor-open-inline\">\n\t\t\t\t\t<video class=\"elementor-video\" src=\"https:\/\/asociacionlasubita.com\/wp-content\/uploads\/2025\/07\/danceokePop_Sismograf2024_LauraAlcalaFreudenthal.mp4\" controls=\"\" preload=\"metadata\" controlsList=\"nodownload\"><\/video>\n\t\t\t\t\t\t<div class=\"elementor-custom-embed-image-overlay\" style=\"background-image: url(https:\/\/lasubita.com\/wp-content\/uploads\/2025\/07\/DanceokePOP_LauraAlcalaFreudenthal_foto2MOSKAudiovisual-copia-scaled.jpg);\">\n\t\t\t\t\t\t\t\t\t\t\t\t\t\t\t\t<div class=\"elementor-custom-embed-play\" role=\"button\" aria-label=\"Reprodueix v\u00eddeo\" tabindex=\"0\">\n\t\t\t\t\t\t\t<svg aria-hidden=\"true\" class=\"e-font-icon-svg e-eicon-play\" viewBox=\"0 0 1000 1000\" xmlns=\"http:\/\/www.w3.org\/2000\/svg\"><path d=\"M838 162C746 71 633 25 500 25 371 25 258 71 163 162 71 254 25 367 25 500 25 633 71 746 163 837 254 929 367 979 500 979 633 979 746 933 838 837 929 746 975 633 975 500 975 367 929 254 838 162M808 192C892 279 933 379 933 500 933 621 892 725 808 808 725 892 621 938 500 938 379 938 279 896 196 808 113 725 67 621 67 500 67 379 108 279 196 192 279 108 383 62 500 62 621 62 721 108 808 192M438 392V642L642 517 438 392Z\"><\/path><\/svg>\t\t\t\t\t\t<\/div>\n\t\t\t\t\t\t\t\t\t<\/div>\n\t\t\t\t\t<\/div>\n\t\t\t\t\t\t<\/div>\n\t\t\t\t<div class=\"elementor-element elementor-element-a0eaeee elementor-widget elementor-widget-heading\" data-id=\"a0eaeee\" data-element_type=\"widget\" data-widget_type=\"heading.default\">\n\t\t\t\t\t<h2 class=\"elementor-heading-title elementor-size-default\">2023<br>20 minuts\/Tots els p\u00fablics<\/h2>\t\t\t\t<\/div>\n\t\t\t\t<div class=\"elementor-element elementor-element-f0bb8a7 elementor-widget elementor-widget-heading\" data-id=\"f0bb8a7\" data-element_type=\"widget\" data-widget_type=\"heading.default\">\n\t\t\t\t\t<h2 class=\"elementor-heading-title elementor-size-default\">DANCEOKE POP<br>LaLaura est\u00e0 obsessionada amb entendre d\u2019on venen les coses, com composen (componen) els referents i la idea que tot est\u00e0 fet. Com a bona millenial, els seus referents passen per Britney Spears o Marisol i els posa a jugar amb referents de la dansa contempor\u00e0nia com Trisha Brown o \u00c0ngels Margarit. S\u00ed, el meu cervell funciona fent hipervincles random.  <br><br>Un danceoke opera sota les l\u00f2giques del karaoke per\u00f2 en comptes de copiar can\u00e7ons, copies dances (danses). Aquest danceoke \u00e9s una activitat paral\u00b7lela de l\u2019espectacle POP a on ja parlem m\u00e9s en profunditat de les pen\u00faries d\u2019aquesta millennial. Per\u00f2 ara, al danceoke, quedem per \u201cahogar las penas\u201d, distorsionar el que ens ve donat, composar (compondre) referents com ens doni la gana i Ballar, sobretot, ballar.  <br><br>Una activitat per a tots els p\u00fablics que dura una (uns) 20 minuts. No cal res. Pero (Per\u00f2,) si vens amb look Eva Nassarre millor. Calentadors welcome. Maillots. I tot el que tu vulguis. Aqu\u00ed no venim a posar-nos vergonyoses. Venim a ballar copiant una pantalla.       \n<\/h2>\t\t\t\t<\/div>\n\t\t\t\t<div class=\"elementor-element elementor-element-6afb8c0 elementor-widget__width-initial elementor-arrows-position-inside elementor-widget elementor-widget-image-carousel\" data-id=\"6afb8c0\" data-element_type=\"widget\" data-settings=\"{&quot;slides_to_show&quot;:&quot;1&quot;,&quot;navigation&quot;:&quot;arrows&quot;,&quot;speed&quot;:&quot;800&quot;,&quot;autoplay&quot;:&quot;yes&quot;,&quot;pause_on_hover&quot;:&quot;yes&quot;,&quot;pause_on_interaction&quot;:&quot;yes&quot;,&quot;autoplay_speed&quot;:5000,&quot;infinite&quot;:&quot;yes&quot;,&quot;effect&quot;:&quot;slide&quot;}\" data-widget_type=\"image-carousel.default\">\n\t\t\t\t\t\t\t<div class=\"elementor-image-carousel-wrapper swiper\" role=\"region\" aria-roledescription=\"carousel\" aria-label=\"Carrusel de im\u00e1genes\" dir=\"ltr\">\n\t\t\t<div class=\"elementor-image-carousel swiper-wrapper\" aria-live=\"off\">\n\t\t\t\t\t\t\t\t<div class=\"swiper-slide\" role=\"group\" aria-roledescription=\"slide\" aria-label=\"1 de 2\"><figure class=\"swiper-slide-inner\"><img decoding=\"async\" class=\"swiper-slide-image\" src=\"https:\/\/lasubita.com\/wp-content\/uploads\/elementor\/thumbs\/DanceokePOP_LauraAlcalaFreudenthal_foto2MOSKAudiovisual-copia-scaled-r9kq8g2kirhmuhdwsy2hlx9l7232xuyfa6hoet3cb4.jpg\" alt=\"DanceokePOP_LauraAlcalaFreudenthal_foto2MOSKAudiovisual co\u0300pia\" \/><\/figure><\/div><div class=\"swiper-slide\" role=\"group\" aria-roledescription=\"slide\" aria-label=\"2 de 2\"><figure class=\"swiper-slide-inner\"><img decoding=\"async\" class=\"swiper-slide-image\" src=\"https:\/\/lasubita.com\/wp-content\/uploads\/elementor\/thumbs\/danceokepop_festivalZ_moskaudiovisual-scaled-r9kq88jv037c9lou0uth1z5wfz458a4kl59sklehow.jpg\" alt=\"danceokepop_festivalZ_moskaudiovisual\" \/><\/figure><\/div>\t\t\t<\/div>\n\t\t\t\t\t\t\t\t\t\t\t\t<div class=\"elementor-swiper-button elementor-swiper-button-prev\" role=\"button\" tabindex=\"0\">\n\t\t\t\t\t\t<svg aria-hidden=\"true\" class=\"e-font-icon-svg e-eicon-chevron-left\" viewBox=\"0 0 1000 1000\" xmlns=\"http:\/\/www.w3.org\/2000\/svg\"><path d=\"M646 125C629 125 613 133 604 142L308 442C296 454 292 471 292 487 292 504 296 521 308 533L604 854C617 867 629 875 646 875 663 875 679 871 692 858 704 846 713 829 713 812 713 796 708 779 692 767L438 487 692 225C700 217 708 204 708 187 708 171 704 154 692 142 675 129 663 125 646 125Z\"><\/path><\/svg>\t\t\t\t\t<\/div>\n\t\t\t\t\t<div class=\"elementor-swiper-button elementor-swiper-button-next\" role=\"button\" tabindex=\"0\">\n\t\t\t\t\t\t<svg aria-hidden=\"true\" class=\"e-font-icon-svg e-eicon-chevron-right\" viewBox=\"0 0 1000 1000\" xmlns=\"http:\/\/www.w3.org\/2000\/svg\"><path d=\"M696 533C708 521 713 504 713 487 713 471 708 454 696 446L400 146C388 133 375 125 354 125 338 125 325 129 313 142 300 154 292 171 292 187 292 204 296 221 308 233L563 492 304 771C292 783 288 800 288 817 288 833 296 850 308 863 321 871 338 875 354 875 371 875 388 867 400 854L696 533Z\"><\/path><\/svg>\t\t\t\t\t<\/div>\n\t\t\t\t\n\t\t\t\t\t\t\t\t\t<\/div>\n\t\t\t\t\t\t<\/div>\n\t\t\t\t<\/section>\n\t\t\t\t<\/div>\n\t\t\t\t\t<\/div>\n\t\t\t\t<\/div>\n\t\t\t\t<\/div>\n\t\t","protected":false},"excerpt":{"rendered":"<p>DANCEOKE POP https:\/\/asociacionlasubita.com\/wp-content\/uploads\/2025\/07\/danceokePop_Sismograf2024_LauraAlcalaFreudenthal.mp4 202320 minuts\/Tots els p\u00fablics DANCEOKE POPLaLaura est\u00e0 obsessionada amb entendre d\u2019on venen les coses, com composen (componen) els referents i la idea que tot est\u00e0 fet. Com a bona millenial, els seus referents passen per Britney Spears o Marisol i els posa a jugar amb referents de la dansa contempor\u00e0nia com Trisha [&hellip;]<\/p>\n","protected":false},"author":4,"featured_media":0,"parent":0,"menu_order":0,"comment_status":"closed","ping_status":"closed","template":"","meta":{"footnotes":""},"class_list":["post-2188","page","type-page","status-publish","hentry"],"_links":{"self":[{"href":"https:\/\/lasubita.com\/ca\/wp-json\/wp\/v2\/pages\/2188","targetHints":{"allow":["GET"]}}],"collection":[{"href":"https:\/\/lasubita.com\/ca\/wp-json\/wp\/v2\/pages"}],"about":[{"href":"https:\/\/lasubita.com\/ca\/wp-json\/wp\/v2\/types\/page"}],"author":[{"embeddable":true,"href":"https:\/\/lasubita.com\/ca\/wp-json\/wp\/v2\/users\/4"}],"replies":[{"embeddable":true,"href":"https:\/\/lasubita.com\/ca\/wp-json\/wp\/v2\/comments?post=2188"}],"version-history":[{"count":4,"href":"https:\/\/lasubita.com\/ca\/wp-json\/wp\/v2\/pages\/2188\/revisions"}],"predecessor-version":[{"id":3298,"href":"https:\/\/lasubita.com\/ca\/wp-json\/wp\/v2\/pages\/2188\/revisions\/3298"}],"wp:attachment":[{"href":"https:\/\/lasubita.com\/ca\/wp-json\/wp\/v2\/media?parent=2188"}],"curies":[{"name":"wp","href":"https:\/\/api.w.org\/{rel}","templated":true}]}}