{"id":2051,"date":"2025-05-16T12:58:05","date_gmt":"2025-05-16T10:58:05","guid":{"rendered":"https:\/\/asociacionlasubita.com\/ona\/"},"modified":"2026-02-05T13:44:08","modified_gmt":"2026-02-05T11:44:08","slug":"ona","status":"publish","type":"page","link":"https:\/\/lasubita.com\/ca\/ona\/","title":{"rendered":"ONA"},"content":{"rendered":"\t\t<div data-elementor-type=\"wp-page\" data-elementor-id=\"2051\" class=\"elementor elementor-2051 elementor-424\" data-elementor-post-type=\"page\">\n\t\t\t\t<div class=\"elementor-element elementor-element-ac28cee e-flex e-con-boxed e-con e-parent\" data-id=\"ac28cee\" data-element_type=\"container\">\n\t\t\t\t\t<div class=\"e-con-inner\">\n\t\t<div class=\"elementor-element elementor-element-61b4598 columna-izq e-con-full elementor-hidden-mobile e-flex e-con e-child\" data-id=\"61b4598\" data-element_type=\"container\">\n\t\t<div class=\"elementor-element elementor-element-14c63bb e-con-full e-flex e-con e-child\" data-id=\"14c63bb\" data-element_type=\"container\" data-settings=\"{&quot;sticky&quot;:&quot;top&quot;,&quot;sticky_on&quot;:[&quot;desktop&quot;,&quot;tablet&quot;],&quot;sticky_offset_tablet&quot;:10,&quot;sticky_parent&quot;:&quot;yes&quot;,&quot;sticky_offset&quot;:0,&quot;sticky_effects_offset&quot;:0,&quot;sticky_anchor_link_offset&quot;:0}\">\n\t\t\t\t<div class=\"elementor-element elementor-element-2e1b463 elementor-nav-menu__align-start elementor-widget__width-initial elementor-nav-menu--dropdown-mobile elementor-nav-menu__text-align-aside elementor-nav-menu--toggle elementor-nav-menu--burger elementor-widget elementor-widget-nav-menu\" data-id=\"2e1b463\" data-element_type=\"widget\" data-settings=\"{&quot;layout&quot;:&quot;vertical&quot;,&quot;submenu_icon&quot;:{&quot;value&quot;:&quot;&lt;svg aria-hidden=\\&quot;true\\&quot; class=\\&quot;e-font-icon-svg e-fas-caret-down\\&quot; viewBox=\\&quot;0 0 320 512\\&quot; xmlns=\\&quot;http:\\\/\\\/www.w3.org\\\/2000\\\/svg\\&quot;&gt;&lt;path d=\\&quot;M31.3 192h257.3c17.8 0 26.7 21.5 14.1 34.1L174.1 354.8c-7.8 7.8-20.5 7.8-28.3 0L17.2 226.1C4.6 213.5 13.5 192 31.3 192z\\&quot;&gt;&lt;\\\/path&gt;&lt;\\\/svg&gt;&quot;,&quot;library&quot;:&quot;fa-solid&quot;},&quot;toggle&quot;:&quot;burger&quot;}\" data-widget_type=\"nav-menu.default\">\n\t\t\t\t\t\t\t\t<nav aria-label=\"Menu\" class=\"elementor-nav-menu--main elementor-nav-menu__container elementor-nav-menu--layout-vertical e--pointer-underline e--animation-fade\">\n\t\t\t\t<ul id=\"menu-1-2e1b463\" class=\"elementor-nav-menu sm-vertical\"><li class=\"menu-item menu-item-type-post_type menu-item-object-page menu-item-1725\"><a href=\"https:\/\/lasubita.com\/ona\/\" class=\"elementor-item\">ONA<\/a><\/li>\n<li class=\"menu-item menu-item-type-post_type menu-item-object-page menu-item-1718\"><a href=\"https:\/\/lasubita.com\/foc-i-lloc\/\" class=\"elementor-item\">FOC I LLOC<\/a><\/li>\n<li class=\"menu-item menu-item-type-post_type menu-item-object-page menu-item-1707\"><a href=\"https:\/\/lasubita.com\/pop\/\" class=\"elementor-item\">POP<\/a><\/li>\n<li class=\"menu-item menu-item-type-post_type menu-item-object-page menu-item-1437\"><a href=\"https:\/\/lasubita.com\/danceoke-pop\/\" class=\"elementor-item\">DANCEOKE POP<\/a><\/li>\n<li class=\"menu-item menu-item-type-post_type menu-item-object-page menu-item-1706\"><a href=\"https:\/\/lasubita.com\/olor-de-menta\/\" class=\"elementor-item\">OLOR DE MENTA<\/a><\/li>\n<\/ul>\t\t\t<\/nav>\n\t\t\t\t\t<div class=\"elementor-menu-toggle\" role=\"button\" tabindex=\"0\" aria-label=\"Menu Toggle\" aria-expanded=\"false\">\n\t\t\t<svg aria-hidden=\"true\" role=\"presentation\" class=\"elementor-menu-toggle__icon--open e-font-icon-svg e-eicon-menu-bar\" viewBox=\"0 0 1000 1000\" xmlns=\"http:\/\/www.w3.org\/2000\/svg\"><path d=\"M104 333H896C929 333 958 304 958 271S929 208 896 208H104C71 208 42 237 42 271S71 333 104 333ZM104 583H896C929 583 958 554 958 521S929 458 896 458H104C71 458 42 487 42 521S71 583 104 583ZM104 833H896C929 833 958 804 958 771S929 708 896 708H104C71 708 42 737 42 771S71 833 104 833Z\"><\/path><\/svg><svg aria-hidden=\"true\" role=\"presentation\" class=\"elementor-menu-toggle__icon--close e-font-icon-svg e-eicon-close\" viewBox=\"0 0 1000 1000\" xmlns=\"http:\/\/www.w3.org\/2000\/svg\"><path d=\"M742 167L500 408 258 167C246 154 233 150 217 150 196 150 179 158 167 167 154 179 150 196 150 212 150 229 154 242 171 254L408 500 167 742C138 771 138 800 167 829 196 858 225 858 254 829L496 587 738 829C750 842 767 846 783 846 800 846 817 842 829 829 842 817 846 804 846 783 846 767 842 750 829 737L588 500 833 258C863 229 863 200 833 171 804 137 775 137 742 167Z\"><\/path><\/svg>\t\t<\/div>\n\t\t\t\t\t<nav class=\"elementor-nav-menu--dropdown elementor-nav-menu__container\" aria-hidden=\"true\">\n\t\t\t\t<ul id=\"menu-2-2e1b463\" class=\"elementor-nav-menu sm-vertical\"><li class=\"menu-item menu-item-type-post_type menu-item-object-page menu-item-1725\"><a href=\"https:\/\/lasubita.com\/ona\/\" class=\"elementor-item\" tabindex=\"-1\">ONA<\/a><\/li>\n<li class=\"menu-item menu-item-type-post_type menu-item-object-page menu-item-1718\"><a href=\"https:\/\/lasubita.com\/foc-i-lloc\/\" class=\"elementor-item\" tabindex=\"-1\">FOC I LLOC<\/a><\/li>\n<li class=\"menu-item menu-item-type-post_type menu-item-object-page menu-item-1707\"><a href=\"https:\/\/lasubita.com\/pop\/\" class=\"elementor-item\" tabindex=\"-1\">POP<\/a><\/li>\n<li class=\"menu-item menu-item-type-post_type menu-item-object-page menu-item-1437\"><a href=\"https:\/\/lasubita.com\/danceoke-pop\/\" class=\"elementor-item\" tabindex=\"-1\">DANCEOKE POP<\/a><\/li>\n<li class=\"menu-item menu-item-type-post_type menu-item-object-page menu-item-1706\"><a href=\"https:\/\/lasubita.com\/olor-de-menta\/\" class=\"elementor-item\" tabindex=\"-1\">OLOR DE MENTA<\/a><\/li>\n<\/ul>\t\t\t<\/nav>\n\t\t\t\t\t\t<\/div>\n\t\t\t\t<\/div>\n\t\t\t\t<\/div>\n\t\t<div class=\"elementor-element elementor-element-bd3d686 e-con-full e-flex e-con e-child\" data-id=\"bd3d686\" data-element_type=\"container\">\n\t\t<div class=\"elementor-element elementor-element-0716b44 e-con-full e-flex e-con e-child\" data-id=\"0716b44\" data-element_type=\"container\">\n\t\t\t\t<div class=\"elementor-element elementor-element-ea34ece elementor-widget elementor-widget-heading\" data-id=\"ea34ece\" data-element_type=\"widget\" data-widget_type=\"heading.default\">\n\t\t\t\t\t<h1 class=\"elementor-heading-title elementor-size-default\">ONA<\/h1>\t\t\t\t<\/div>\n\t\t\t\t<div class=\"elementor-element elementor-element-9310c05 elementor-widget elementor-widget-video\" data-id=\"9310c05\" data-element_type=\"widget\" data-settings=\"{&quot;youtube_url&quot;:&quot;https:\\\/\\\/www.youtube.com\\\/watch?v=hn4ntgVFn6A&quot;,&quot;autoplay&quot;:&quot;yes&quot;,&quot;show_image_overlay&quot;:&quot;yes&quot;,&quot;image_overlay&quot;:{&quot;url&quot;:&quot;https:\\\/\\\/asociacionlasubita.com\\\/wp-content\\\/uploads\\\/2025\\\/07\\\/LA-ONA_1442web\\u00a9Tristan-Perez-Martin.jpg&quot;,&quot;id&quot;:607,&quot;size&quot;:&quot;&quot;,&quot;alt&quot;:&quot;&quot;,&quot;source&quot;:&quot;library&quot;},&quot;video_type&quot;:&quot;youtube&quot;,&quot;controls&quot;:&quot;yes&quot;}\" data-widget_type=\"video.default\">\n\t\t\t\t\t\t\t<div class=\"elementor-wrapper elementor-open-inline\">\n\t\t\t<div class=\"elementor-video\"><\/div>\t\t\t\t<div class=\"elementor-custom-embed-image-overlay\" style=\"background-image: url(https:\/\/lasubita.com\/wp-content\/uploads\/2025\/07\/LA-ONA_1442web\u00a9Tristan-Perez-Martin.jpg);\">\n\t\t\t\t\t\t\t\t\t\t\t\t\t\t\t\t<div class=\"elementor-custom-embed-play\" role=\"button\" aria-label=\"Reprodueix v\u00eddeo\" tabindex=\"0\">\n\t\t\t\t\t\t\t<svg aria-hidden=\"true\" class=\"e-font-icon-svg e-eicon-play\" viewBox=\"0 0 1000 1000\" xmlns=\"http:\/\/www.w3.org\/2000\/svg\"><path d=\"M838 162C746 71 633 25 500 25 371 25 258 71 163 162 71 254 25 367 25 500 25 633 71 746 163 837 254 929 367 979 500 979 633 979 746 933 838 837 929 746 975 633 975 500 975 367 929 254 838 162M808 192C892 279 933 379 933 500 933 621 892 725 808 808 725 892 621 938 500 938 379 938 279 896 196 808 113 725 67 621 67 500 67 379 108 279 196 192 279 108 383 62 500 62 621 62 721 108 808 192M438 392V642L642 517 438 392Z\"><\/path><\/svg>\t\t\t\t\t\t<\/div>\n\t\t\t\t\t\t\t\t\t<\/div>\n\t\t\t\t\t<\/div>\n\t\t\t\t\t\t<\/div>\n\t\t\t\t<div class=\"elementor-element elementor-element-a0282c6 elementor-widget elementor-widget-heading\" data-id=\"a0282c6\" data-element_type=\"widget\" data-widget_type=\"heading.default\">\n\t\t\t\t\t<h2 class=\"elementor-heading-title elementor-size-default\">Edat recomanada: infantil (i3, i4, i5)<br><br><br>Durada: 40 minuts<\/h2>\t\t\t\t<\/div>\n\t\t\t\t<div class=\"elementor-element elementor-element-64cc00a elementor-widget elementor-widget-heading\" data-id=\"64cc00a\" data-element_type=\"widget\" data-widget_type=\"heading.default\">\n\t\t\t\t\t<h2 class=\"elementor-heading-title elementor-size-default\">ONA \u00e9s un espectacle de dansa, objectes, llum i m\u00fasica (cello) dissenyat per a infants de 2 a 5 anys. Un espectacle de petit format, visual i po\u00e8tic en el que, des d'una mirada de joc, es planteja la pregunta \"i si pogu\u00e9ssim veure totes les ones que ens envolten?\" <\/h2>\t\t\t\t<\/div>\n\t\t\t\t<div class=\"elementor-element elementor-element-b15882e elementor-widget elementor-widget-heading\" data-id=\"b15882e\" data-element_type=\"widget\" data-widget_type=\"heading.default\">\n\t\t\t\t\t<h2 class=\"elementor-heading-title elementor-size-default\">Fitxa Art\u00edstica:<br>Autoria i Direcci\u00f3: Laura Alcala Freudenthal<br>Ajudant de direcci\u00f3: Camille Latron<br>Int\u00e8rprets: Emma Riba, Patricia Hastewell \/ Pol Guimer\u00e0, Jordi Claret<br>Disseny espai sonor: Jordi Claret i Joan Cot<br>Espai esc\u00e8nic i vestuari: Oriol Corral<br>Disseny il\u00b7luminaci\u00f3: Gabriela Bianchi<br>Coordinaci\u00f3 t\u00e8cnica i t\u00e8cnic en gira: Adri\u00e0 Pinar<br>Mirada externa: Irene Vicente <br>Fotografia: Trist\u00e1n P\u00e9rez Mart\u00edn<br>Distribuci\u00f3: Patty Maestre | LaS\u00fabita<br>Producci\u00f3: Anna Feliu | LaS\u00fabita<br>Una producci\u00f3 de LaS\u00fabita<br>Coproducci\u00f3: Mercat de les Flors<br>Amb el suport de: Mercat de les Flors, Festival ElPetit, LaSala, Centre d\u2019Arts i moviment Rocaumbert, La Caldera, Centre C\u00edvic Parc Sandaru.<\/h2>\t\t\t\t<\/div>\n\t\t\t\t<div class=\"elementor-element elementor-element-4f0fe93 elementor-widget__width-initial elementor-arrows-position-inside elementor-widget elementor-widget-image-carousel\" data-id=\"4f0fe93\" data-element_type=\"widget\" data-settings=\"{&quot;slides_to_show&quot;:&quot;1&quot;,&quot;navigation&quot;:&quot;arrows&quot;,&quot;autoplay_speed&quot;:3500,&quot;speed&quot;:1000,&quot;autoplay&quot;:&quot;yes&quot;,&quot;pause_on_hover&quot;:&quot;yes&quot;,&quot;pause_on_interaction&quot;:&quot;yes&quot;,&quot;infinite&quot;:&quot;yes&quot;,&quot;effect&quot;:&quot;slide&quot;}\" data-widget_type=\"image-carousel.default\">\n\t\t\t\t\t\t\t<div class=\"elementor-image-carousel-wrapper swiper\" role=\"region\" aria-roledescription=\"carousel\" aria-label=\"Carrusel de im\u00e1genes\" dir=\"ltr\">\n\t\t\t<div class=\"elementor-image-carousel swiper-wrapper swiper-image-stretch\" aria-live=\"off\">\n\t\t\t\t\t\t\t\t<div class=\"swiper-slide\" role=\"group\" aria-roledescription=\"slide\" aria-label=\"1 de 4\"><figure class=\"swiper-slide-inner\"><img decoding=\"async\" class=\"swiper-slide-image\" src=\"https:\/\/lasubita.com\/wp-content\/uploads\/elementor\/thumbs\/LA-ONA_0989web\u00a9Tristan-Perez-Martin-r87l3bydxxw68ldmhz5a4neowlmg3bl4ubym09ksgg.jpg\" alt=\"LAURA ALCAL\u00c1 - Ona \u00a9Tristan Perez-Martin\" \/><\/figure><\/div><div class=\"swiper-slide\" role=\"group\" aria-roledescription=\"slide\" aria-label=\"2 de 4\"><figure class=\"swiper-slide-inner\"><img decoding=\"async\" class=\"swiper-slide-image\" src=\"https:\/\/lasubita.com\/wp-content\/uploads\/elementor\/thumbs\/LA-ONA_1598web\u00a9Tristan-Perez-Martin-r88500yaxczsl2c8i9rpsam6m34m35tb1n1k0gxe6o.jpg\" alt=\"LAURA ALCAL\u00c1 - Ona \u00a9Tristan Perez-Martin\" \/><\/figure><\/div><div class=\"swiper-slide\" role=\"group\" aria-roledescription=\"slide\" aria-label=\"3 de 4\"><figure class=\"swiper-slide-inner\"><img decoding=\"async\" class=\"swiper-slide-image\" src=\"https:\/\/lasubita.com\/wp-content\/uploads\/elementor\/thumbs\/LA-ONA_1442web\u00a9Tristan-Perez-Martin-r885000gqiyi9gdlnrd37suq0p98vgpkpie2j6yscw.jpg\" alt=\"LAURA ALCAL\u00c1 - Ona \u00a9Tristan Perez-Martin\" \/><\/figure><\/div><div class=\"swiper-slide\" role=\"group\" aria-roledescription=\"slide\" aria-label=\"4 de 4\"><figure class=\"swiper-slide-inner\"><img decoding=\"async\" class=\"swiper-slide-image\" src=\"https:\/\/lasubita.com\/wp-content\/uploads\/elementor\/thumbs\/LA-ONA_0283web\u00a9Tristan-Perez-Martin-r884zy4scuvxm8gbyqju2tbstxiig2i41933kn1kpc.jpg\" alt=\"LAURA ALCAL\u00c1 - Ona \u00a9Tristan Perez-Martin\" \/><\/figure><\/div>\t\t\t<\/div>\n\t\t\t\t\t\t\t\t\t\t\t\t<div class=\"elementor-swiper-button elementor-swiper-button-prev\" role=\"button\" tabindex=\"0\">\n\t\t\t\t\t\t<svg aria-hidden=\"true\" class=\"e-font-icon-svg e-eicon-chevron-left\" viewBox=\"0 0 1000 1000\" xmlns=\"http:\/\/www.w3.org\/2000\/svg\"><path d=\"M646 125C629 125 613 133 604 142L308 442C296 454 292 471 292 487 292 504 296 521 308 533L604 854C617 867 629 875 646 875 663 875 679 871 692 858 704 846 713 829 713 812 713 796 708 779 692 767L438 487 692 225C700 217 708 204 708 187 708 171 704 154 692 142 675 129 663 125 646 125Z\"><\/path><\/svg>\t\t\t\t\t<\/div>\n\t\t\t\t\t<div class=\"elementor-swiper-button elementor-swiper-button-next\" role=\"button\" tabindex=\"0\">\n\t\t\t\t\t\t<svg aria-hidden=\"true\" class=\"e-font-icon-svg e-eicon-chevron-right\" viewBox=\"0 0 1000 1000\" xmlns=\"http:\/\/www.w3.org\/2000\/svg\"><path d=\"M696 533C708 521 713 504 713 487 713 471 708 454 696 446L400 146C388 133 375 125 354 125 338 125 325 129 313 142 300 154 292 171 292 187 292 204 296 221 308 233L563 492 304 771C292 783 288 800 288 817 288 833 296 850 308 863 321 871 338 875 354 875 371 875 388 867 400 854L696 533Z\"><\/path><\/svg>\t\t\t\t\t<\/div>\n\t\t\t\t\n\t\t\t\t\t\t\t\t\t<\/div>\n\t\t\t\t\t\t<\/div>\n\t\t\t\t<\/div>\n\t\t\t\t<\/div>\n\t\t\t\t\t<\/div>\n\t\t\t\t<\/div>\n\t\t\t\t<\/div>\n\t\t","protected":false},"excerpt":{"rendered":"<p>ONA https:\/\/www.youtube.com\/watch?v=hn4ntgVFn6A Edat recomanada: infantil (i3, i4, i5) Durada: 40 minuts ONA \u00e9s un espectacle de dansa, objectes, llum i m\u00fasica (cello) dissenyat per a infants de 2 a 5 anys. Un espectacle de petit format, visual i po\u00e8tic en el que, des d&#8217;una mirada de joc, es planteja la pregunta &#8220;i si pogu\u00e9ssim veure [&hellip;]<\/p>\n","protected":false},"author":4,"featured_media":0,"parent":0,"menu_order":0,"comment_status":"closed","ping_status":"closed","template":"","meta":{"footnotes":""},"class_list":["post-2051","page","type-page","status-publish","hentry"],"_links":{"self":[{"href":"https:\/\/lasubita.com\/ca\/wp-json\/wp\/v2\/pages\/2051","targetHints":{"allow":["GET"]}}],"collection":[{"href":"https:\/\/lasubita.com\/ca\/wp-json\/wp\/v2\/pages"}],"about":[{"href":"https:\/\/lasubita.com\/ca\/wp-json\/wp\/v2\/types\/page"}],"author":[{"embeddable":true,"href":"https:\/\/lasubita.com\/ca\/wp-json\/wp\/v2\/users\/4"}],"replies":[{"embeddable":true,"href":"https:\/\/lasubita.com\/ca\/wp-json\/wp\/v2\/comments?post=2051"}],"version-history":[{"count":6,"href":"https:\/\/lasubita.com\/ca\/wp-json\/wp\/v2\/pages\/2051\/revisions"}],"predecessor-version":[{"id":3290,"href":"https:\/\/lasubita.com\/ca\/wp-json\/wp\/v2\/pages\/2051\/revisions\/3290"}],"wp:attachment":[{"href":"https:\/\/lasubita.com\/ca\/wp-json\/wp\/v2\/media?parent=2051"}],"curies":[{"name":"wp","href":"https:\/\/api.w.org\/{rel}","templated":true}]}}